{"id":12,"date":"2007-08-17T16:29:43","date_gmt":"2007-08-17T14:29:43","guid":{"rendered":"http:\/\/www.workz.ch\/workbook\/?page_id=12"},"modified":"2021-01-11T13:12:08","modified_gmt":"2021-01-11T12:12:08","slug":"webdesign-grafik-neumedien-fotografie-cms-internetberatung","status":"publish","type":"page","link":"https:\/\/www.workz.ch\/chapter18\/webdesign-grafik-neumedien-fotografie-cms-internetberatung\/","title":{"rendered":"SERVICES"},"content":{"rendered":"<h1 class=\"claim text-center\" style=\"color: #fff;\">WOMIT K\u00d6NNEN WIR SIE UNTERST\u00dcTZEN?<\/h1>\n<div class=\"row\">\n<div class=\"col col-xs-12 col-md-4 col-lg-4 row-eq-height\">\n<div class=\"wbg\">\n<h3><img loading=\"lazy\" decoding=\"async\" style=\"margin-right: 7px;\" src=\"https:\/\/www.workz.ch\/img\/icon_consulting.gif\" alt=\"\" width=\"15\" height=\"13\" border=\"0\" \/>Beratung<\/h3>\n<p>Wir unterst\u00fctzen Sie bei der Erarbeitung einer Strategie und schaffen Konzepte zur Erreichung Ihrer Ziele. Als Resultat d\u00fcrfen Sie umfassende L\u00f6sungs- und Projektvorschl\u00e4ge erwarten, solide, kompetent und auf Ihr Unternehmen ausgerichtet. Nur wenn wir Ihre Prozesse verstehen, k\u00f6nnen wir zusammen erfolgreich L\u00f6sungen umsetzen.<\/p>\n<\/div>\n<\/div>\n<div class=\"col col-xs-12 col-md-4 col-lg-4 row-eq-height\">\n<div class=\"wbg\">\n<h3><img loading=\"lazy\" decoding=\"async\" style=\"margin-right: 7px;\" src=\"https:\/\/www.workz.ch\/img\/icon_consulting.gif\" alt=\"\" width=\"15\" height=\"13\" border=\"0\" \/>Konzept<\/h3>\n<p>Ein durchdachtes Konzept, detailliert und klar strukturiert, gibt Ihnen die Sicherheit, am Schluss auch wirklich das f\u00fcr Ihr Geld zu bekommen, was sie sich vorgestellt haben. Egal ob Eventwebsite, Unternehmensportal, KMU-Auftritt oder Onlineshop.<\/p>\n<\/div>\n<\/div>\n<div class=\"col col-xs-12 col-md-4 col-lg-4 row-eq-height\">\n<div class=\"wbg\">\n<h3><img loading=\"lazy\" decoding=\"async\" style=\"margin-right: 7px;\" src=\"https:\/\/www.workz.ch\/img\/icon_design.gif\" alt=\"\" width=\"15\" height=\"13\" border=\"0\" \/> Webdesign<\/h3>\n<p>Professionelles und wirkungsvolles Webdesign setzt Kreativit\u00e4t und ein entsprechendes Mass an Verst\u00e4ndnis f\u00fcr die M\u00f6glichkeiten der Technik voraus. Anmutung, Benutzbarkeit, Individualit\u00e4t sind die Eckpfeiler <span style=\"text-decoration: underline;\">unserer Design Mission.<\/span><\/p>\n<\/div>\n<\/div>\n<div class=\"col col-xs-12 col-md-4 col-lg-4 row-eq-height\">\n<div class=\"wbg\">\n<h3><img loading=\"lazy\" decoding=\"async\" style=\"margin-right: 7px;\" src=\"https:\/\/www.workz.ch\/img\/icon_consulting.gif\" alt=\"\" width=\"15\" height=\"13\" border=\"0\" \/>Produktion<\/h3>\n<p>Nebst der Form ist die Funktion entscheidend. Angefangen von einer klaren Benutzerf\u00fchrung, cleveren, zeitgem\u00e4ssen Funktion bis hin zur Zug\u00e4nglichkeit mit unterschiedlichen Endger\u00e4ten.<\/p>\n<p>WORKZ NEW MEDIA produziert und realisiert Websites f\u00fcr Netzwerk-Freunde auf Basis von Partnerschaft, Vertrauen und Respekt. Weil zusammen oftmals die besten Sachen zustande kommen und es viel Spass und Freude macht, mit diesen Pro&#8217;s zu arbeiten.<\/p>\n<\/div>\n<\/div>\n<div class=\"col col-xs-12 col-md-4 col-lg-4 row-eq-height\">\n<div class=\"wbg\">\n<h3><img loading=\"lazy\" decoding=\"async\" style=\"margin-right: 7px;\" src=\"https:\/\/www.workz.ch\/img\/icon_web.gif\" alt=\"\" width=\"15\" height=\"13\" border=\"0\" \/>Websites &amp; Online Shops<\/h3>\n<p>Wir gestalten Homepages, Internetauftritte und Anwendungen mit hohem Anspruch an Gestaltung und Ausf\u00fchrung. L\u00f6sungen f\u00fcr KMU. Von Minisites, Imageauftritten bis zu komplexen E-Commerce-L\u00f6sungen.<\/p>\n<ul>\n<li>WooCommerce | WordPress Komponente f\u00fcr Shop und Warenkorbfunktion<\/li>\n<li>PayPal Basket | einfache und preiswerte Warenkorb- und Bezahlfunktion f\u00fcr kleine Anwendungen<\/li>\n<\/ul>\n<\/div>\n<\/div>\n<div class=\"col col-xs-12 col-md-4 col-lg-4 row-eq-height\">\n<div class=\"wbg\">\n<h3><img loading=\"lazy\" decoding=\"async\" style=\"margin-right: 7px;\" src=\"https:\/\/www.workz.ch\/img\/icon_web.gif\" alt=\"\" width=\"15\" height=\"13\" border=\"0\" \/>Newsletter L\u00f6sungen<\/h3>\n<p>Der Aussand von Massenmails unterliegt bestimmten Regeln. Wir haben ein breites Know How in der Gestaltung und Anwendung:<\/p>\n<ul>\n<li>MailChimp | Newsletter L\u00f6sung<\/li>\n<li>iLetter | Newsletter L\u00f6sung<\/li>\n<\/ul>\n<\/div>\n<\/div>\n<div class=\"col col-xs-12 col-md-4 col-lg-4 row-eq-height\">\n<div class=\"wbg\">\n<h3><img loading=\"lazy\" decoding=\"async\" style=\"margin-right: 7px;\" src=\"https:\/\/www.workz.ch\/img\/icon_design.gif\" alt=\"\" width=\"15\" height=\"13\" border=\"0\" \/>Content &amp; Fotografie<\/h3>\n<p>Als Fullservice Partner sind wir in der Lage, nicht nur Textinhalte zu liefern sondern \u00fcbernehmen auf die notwendigen Foto-Shootings zu fairen Konditionen.<\/p>\n<\/div>\n<\/div>\n<div class=\"col col-xs-12 col-md-4 col-lg-4 row-eq-height\">\n<div class=\"wbg\">\n<h3><img loading=\"lazy\" decoding=\"async\" style=\"margin-right: 7px;\" src=\"https:\/\/www.workz.ch\/img\/icon_design.gif\" alt=\"\" width=\"15\" height=\"13\" border=\"0\" \/>Audio- &amp; Videoproduktion<\/h3>\n<p>Breitband-Internet macht es m\u00f6glich: Multimediale Inhalte ohne langes Warten. In Zusammenarbeit mit Partnern wie media5 und slb media AG bieten wir durchdachte Video- und Mediaproduktionen an.<\/p>\n<\/div>\n<\/div>\n<div class=\"col col-xs-12 col-md-4 col-lg-4 row-eq-height\">\n<div class=\"wbg\">\n<h3><img loading=\"lazy\" decoding=\"async\" style=\"margin-right: 7px;\" src=\"https:\/\/www.workz.ch\/img\/icon_web.gif\" alt=\"\" width=\"15\" height=\"13\" border=\"0\" \/>Social Media<\/h3>\n<p>Wir nutzen, integrieren und entwickeln L\u00f6sungen im Bereich Social Media, vergessen dabei aber nicht den Focus auf die Frage, wie sinnvoll und nutzbringend der Einsatz ist. Youtube, Facebook, Flickr, Twitter&#8230; aber nur wenn es zielf\u00fchrend ist.<\/p>\n<\/div>\n<\/div>\n<div class=\"col col-xs-12 col-md-4 col-lg-4 row-eq-height\">\n<div class=\"wbg\">\n<h3><img loading=\"lazy\" decoding=\"async\" style=\"margin-right: 7px;\" src=\"https:\/\/www.workz.ch\/img\/icon_web.gif\" alt=\"\" width=\"15\" height=\"13\" border=\"0\" \/> WORKZ.NM kri:8 &#8211; WordPress based Content Management System<\/h3>\n<p>kri:8 ist kein Produkt sondern unser L\u00f6sungskonzept f\u00fcr eigenst\u00e4ndige, auf Sie zugeschnittene Inhaltspflege. Ziel ist, die Inhalte trotz aller Technologie, auf einfache reduzierte Art zu pflegen.<\/p>\n<ul>\n<li>basierend auf WordPress<\/li>\n<li>wir gestalten die Administrationsoberfl\u00e4che exakt auf Ihre Anforderungen<\/li>\n<li>wir nutzen keine gekauften Themes<\/li>\n<li>dadurch ist die L\u00f6sung jederzeit skalierbar<\/li>\n<\/ul>\n<\/div>\n<\/div>\n<div class=\"col col-xs-12 col-md-4 col-lg-4 row-eq-height\">\n<div class=\"wbg\">\n<h3><img loading=\"lazy\" decoding=\"async\" style=\"margin-right: 7px;\" src=\"https:\/\/www.workz.ch\/img\/icon_web.gif\" alt=\"\" width=\"15\" height=\"13\" border=\"0\" \/>&#8230; oder durch uns gepflegt<\/h3>\n<p>Bei Ihrer Entscheidung f\u00fcr ein CMS sind wir kritisch. Nicht immer ist der Einsatz einer CMS-L\u00f6sung, wenn von der Idee gesehen zwar verlockend, die beste L\u00f6sung. Sprechen Sie mit uns. Zusammen finden wir die optimale L\u00f6sung.<\/p>\n<\/div>\n<\/div>\n<div class=\"col col-xs-12 col-md-4 col-lg-4 row-eq-height\">\n<div class=\"wbg\">\n<h3><img loading=\"lazy\" decoding=\"async\" style=\"margin-right: 7px;\" src=\"https:\/\/www.workz.ch\/img\/icon_web.gif\" alt=\"\" width=\"15\" height=\"13\" border=\"0\" \/>Hosting in der Schweiz<\/h3>\n<p>Als Reseller vertrauen wir seit 20 Jahren auf die soliden und funktionalen Hostingl\u00f6sungen von Webland AG in Basel.<\/p>\n<ul>\n<li>Website \/ Datenbank Hosting<\/li>\n<li>E-Mail Services<\/li>\n<li>SSL<\/li>\n<\/ul>\n<\/div>\n<p>&nbsp;<\/p>\n<\/div>\n<\/div>\n","protected":false},"excerpt":{"rendered":"<p>WOMIT K\u00d6NNEN WIR SIE UNTERST\u00dcTZEN? Beratung Wir unterst\u00fctzen Sie bei der Erarbeitung einer Strategie und schaffen Konzepte zur Erreichung Ihrer [&hellip;]<\/p>\n","protected":false},"author":2,"featured_media":3256,"parent":0,"menu_order":0,"comment_status":"closed","ping_status":"closed","template":"","meta":{"_acf_changed":false,"footnotes":""},"class_list":["post-12","page","type-page","status-publish","has-post-thumbnail","hentry"],"acf":[],"_links":{"self":[{"href":"https:\/\/www.workz.ch\/chapter18\/wp-json\/wp\/v2\/pages\/12","targetHints":{"allow":["GET"]}}],"collection":[{"href":"https:\/\/www.workz.ch\/chapter18\/wp-json\/wp\/v2\/pages"}],"about":[{"href":"https:\/\/www.workz.ch\/chapter18\/wp-json\/wp\/v2\/types\/page"}],"author":[{"embeddable":true,"href":"https:\/\/www.workz.ch\/chapter18\/wp-json\/wp\/v2\/users\/2"}],"replies":[{"embeddable":true,"href":"https:\/\/www.workz.ch\/chapter18\/wp-json\/wp\/v2\/comments?post=12"}],"version-history":[{"count":30,"href":"https:\/\/www.workz.ch\/chapter18\/wp-json\/wp\/v2\/pages\/12\/revisions"}],"predecessor-version":[{"id":4239,"href":"https:\/\/www.workz.ch\/chapter18\/wp-json\/wp\/v2\/pages\/12\/revisions\/4239"}],"wp:featuredmedia":[{"embeddable":true,"href":"https:\/\/www.workz.ch\/chapter18\/wp-json\/wp\/v2\/media\/3256"}],"wp:attachment":[{"href":"https:\/\/www.workz.ch\/chapter18\/wp-json\/wp\/v2\/media?parent=12"}],"curies":[{"name":"wp","href":"https:\/\/api.w.org\/{rel}","templated":true}]}}