{"id":3345,"date":"2018-08-30T11:49:41","date_gmt":"2018-08-30T09:49:41","guid":{"rendered":"http:\/\/workz.ch\/chapter18\/?page_id=3345"},"modified":"2024-11-28T14:25:38","modified_gmt":"2024-11-28T13:25:38","slug":"datenschutz","status":"publish","type":"page","link":"https:\/\/www.workz.ch\/chapter18\/datenschutz\/","title":{"rendered":"Datenschutz und Impressum"},"content":{"rendered":"<div class=\"container\">\n<div class=\"row\">\n<h1 class=\"claim text-center\" style=\"color:#fff;\">WOMIT SIE ES ZU TUN HABEN.<\/h1>\n<p><br clear=\"all\"><\/p>\n<div class=\"col-lg-12\">\nDiese Website wird betrieben von :<\/p>\n<p>WORKZ NEW MEDIA<br \/>\nFredy Holenstein<br \/>\nMusterplatzstrasse 15<br \/>\nCH-9436 Balgach<\/p>\n<p><script type=\"text\/javascript\">\/\/ <![CDATA[\nvar deinname = \"office\";\n\tvar deinedomain = \"workz.ch\";\n\tdocument.write('<a class=\"contactlink\" href=\"mailto:' + deinname + '@' + deinedomain + '\">');\n\tdocument.write(deinname + '@' + deinedomain + '');\n\tdocument.write('<\/a>');\n\/\/ ]]><\/script><\/p>\n<p><a href=\"\/agb\/MeldebogenArt-16-DSA.pdf\" target=\"new\" rel=\"noopener\">Meldebogen f\u00fcr rechtswidrige Inhalte<\/a><\/p>\n<\/div>\n<div class=\"col\">\n<h3>Allgemeine Hinweise<\/h3>\n<p>Die folgenden Hinweise geben einen einfachen \u00dcberblick dar\u00fcber, was mit Ihren personenbezogenen Daten passiert, wenn Sie unsere Website besuchen. Personenbezogene Daten sind alle Daten, mit denen Sie pers\u00f6nlich identifiziert werden k\u00f6nnen. Ausf\u00fchrliche Informationen zum Thema Datenschutz entnehmen Sie unserer unter diesem Text aufgef\u00fchrten Datenschutzerkl\u00e4rung.<br \/>\nDatenerfassung auf unserer Website<\/p>\n<h3>Wer ist verantwortlich f\u00fcr die Datenerfassung auf dieser Website?<\/h3>\n<p>Die Datenverarbeitung auf dieser Website erfolgt durch den Websitebetreiber. Dessen Kontaktdaten k\u00f6nnen Sie dem Impressum dieser Website entnehmen.<\/p>\n<h3>Wie erfassen wir Ihre Daten?<\/h3>\n<p>Ihre Daten werden zum einen dadurch erhoben, dass Sie uns diese mitteilen. Hierbei kann es sich z.B. um Daten handeln, die Sie in ein Kontaktformular eingeben.<\/p>\n<p>Andere Daten werden automatisch beim Besuch der Website durch unsere IT-Systeme erfasst. Das sind vor allem technische Daten (z.B. Internetbrowser, Betriebssystem oder Uhrzeit des Seitenaufrufs). Die Erfassung dieser Daten erfolgt automatisch, sobald Sie unsere Website betreten.<\/p>\n<h3>Wof\u00fcr nutzen wir Ihre Daten?<\/h3>\n<p>Ein Teil der Daten wird erhoben, um eine fehlerfreie Bereitstellung der Website zu gew\u00e4hrleisten. Andere Daten k\u00f6nnen zur Analyse Ihres Nutzerverhaltens verwendet werden.<\/p>\n<h3>Welche Rechte haben Sie bez\u00fcglich Ihrer Daten?<\/h3>\n<p>Sie haben jederzeit das Recht unentgeltlich Auskunft \u00fcber Herkunft, Empf\u00e4nger und Zweck Ihrer gespeicherten personenbezogenen Daten zu erhalten. Sie haben ausserdem ein Recht, die Berichtigung, Sperrung oder L\u00f6schung dieser Daten zu verlangen. Hierzu sowie zu weiteren Fragen zum Thema Datenschutz k\u00f6nnen Sie sich jederzeit unter der im Impressum angegebenen Adresse an uns wenden. Des Weiteren steht Ihnen ein Beschwerderecht bei der zust\u00e4ndigen Aufsichtsbeh\u00f6rde zu.<\/p>\n<h3>Analyse-Tools und Tools von Drittanbietern<\/h3>\n<p>Beim Besuch unserer Website kann Ihr Surf-Verhalten statistisch ausgewertet werden. Das geschieht vor allem mit Cookies und mit sogenannten Analyseprogrammen. Die Analyse Ihres Surf-Verhaltens erfolgt in der Regel anonym; das Surf-Verhalten kann nicht zu Ihnen zur\u00fcckverfolgt werden. Sie k\u00f6nnen dieser Analyse widersprechen oder sie durch die Nichtbenutzung bestimmter Tools verhindern. Detaillierte Informationen dazu finden Sie in der folgenden Datenschutzerkl\u00e4rung.<\/p>\n<p>Sie k\u00f6nnen dieser Analyse widersprechen. \u00dcber die Widerspruchsm\u00f6glichkeiten werden wir Sie in dieser Datenschutzerkl\u00e4rung informieren.<br \/>\nAllgemeine Hinweise und Pflichtinformationen<\/p>\n<h3>Datenschutz<\/h3>\n<p>Die Betreiber dieser Seiten nehmen den Schutz Ihrer pers\u00f6nlichen Daten sehr ernst. Wir behandeln Ihre personenbezogenen Daten vertraulich und entsprechend der gesetzlichen Datenschutzvorschriften sowie dieser Datenschutzerkl\u00e4rung.<\/p>\n<p>Wenn Sie diese Website benutzen, werden verschiedene personenbezogene Daten erhoben. Personenbezogene Daten sind Daten, mit denen Sie pers\u00f6nlich identifiziert werden k\u00f6nnen. Die vorliegende Datenschutzerkl\u00e4rung erl\u00e4utert, welche Daten wir erheben und wof\u00fcr wir sie nutzen. Sie erl\u00e4utert auch, wie und zu welchem Zweck das geschieht.<\/p>\n<p>Wir weisen darauf hin, dass die Daten\u00fcbertragung im Internet (z.B. bei der Kommunikation per E-Mail) Sicherheitsl\u00fccken aufweisen kann. Ein l\u00fcckenloser Schutz der Daten vor dem Zugriff durch Dritte ist nicht m\u00f6glich.<\/p>\n<h3>Widerruf Ihrer Einwilligung zur Datenverarbeitung<\/h3>\n<p>Viele Datenverarbeitungsvorg\u00e4nge sind nur mit Ihrer ausdr\u00fccklichen Einwilligung m\u00f6glich. Sie k\u00f6nnen eine bereits erteilte Einwilligung jederzeit widerrufen. Dazu reicht eine formlose Mitteilung per E-Mail an uns. Die Rechtm\u00e4ssigkeit der bis zum Widerruf erfolgten Datenverarbeitung bleibt vom Widerruf unber\u00fchrt.<\/p>\n<h3>Beschwerderecht bei der zust\u00e4ndigen Aufsichtsbeh\u00f6rde<\/h3>\n<p>Im Falle datenschutzrechtlicher Verst\u00f6sse steht dem Betroffenen ein Beschwerderecht bei der zust\u00e4ndigen Aufsichtsbeh\u00f6rde zu. Zust\u00e4ndige Aufsichtsbeh\u00f6rde in datenschutzrechtlichen Fragen ist der Datenschutzbeauftragte des Landes oder Kantons, in dem unser Unternehmen seinen Sitz hat.<\/p>\n<h3>Recht auf Daten\u00fcbertragbarkeit<\/h3>\n<p>Sie haben das Recht, Daten, die wir auf Grundlage Ihrer Einwilligung oder in Erf\u00fcllung eines Vertrags automatisiert verarbeiten, an sich oder an einen Dritten in einem g\u00e4ngigen, maschinenlesbaren Format aush\u00e4ndigen zu lassen. Sofern Sie die direkte \u00dcbertragung der Daten an einen anderen Verantwortlichen verlangen, erfolgt dies nur, soweit es technisch machbar ist.<\/p>\n<h3>SSL- bzw. TLS-Verschl\u00fcsselung<\/h3>\n<p>Diese Seite nutzt aus Sicherheitsgr\u00fcnden und zum Schutz der \u00dcbertragung vertraulicher Inhalte, wie zum Beispiel Bestellungen oder Anfragen, die Sie an uns als Seitenbetreiber senden, eine SSL-bzw. TLS-Verschl\u00fcsselung. Eine verschl\u00fcsselte Verbindung erkennen Sie daran, dass die Adresszeile des Browsers von \u201chttps:\/\/\u201d auf \u201chttps:\/\/\u201d wechselt und an dem Schloss-Symbol in Ihrer Browserzeile.<\/p>\n<p>Wenn die SSL- bzw. TLS-Verschl\u00fcsselung aktiviert ist, k\u00f6nnen die Daten, die Sie an uns \u00fcbermitteln, nicht von Dritten mitgelesen werden.<\/p>\n<h3>Auskunft, Sperrung, L\u00f6schung<\/h3>\n<p>Sie haben im Rahmen der geltenden gesetzlichen Bestimmungen jederzeit das Recht auf unentgeltliche Auskunft \u00fcber Ihre gespeicherten personenbezogenen Daten, deren Herkunft und Empf\u00e4nger und den Zweck der Datenverarbeitung und ggf. ein Recht auf Berichtigung, Sperrung oder L\u00f6schung dieser Daten. Hierzu sowie zu weiteren Fragen zum Thema personenbezogene Daten k\u00f6nnen Sie sich jederzeit unter der im Impressum angegebenen Adresse an uns wenden.<\/p>\n<h3>Widerspruch gegen Werbe-Mails<\/h3>\n<p>Der Nutzung von im Rahmen der Impressumspflicht ver\u00f6ffentlichten Kontaktdaten zur \u00dcbersendung von nicht ausdr\u00fccklich angeforderter Werbung und Informationsmaterialien wird hiermit widersprochen. Die Betreiber der Seiten behalten sich ausdr\u00fccklich rechtliche Schritte im Falle der unverlangten Zusendung von Werbeinformationen, etwa durch Spam-E-Mails, vor.<\/p>\n<h3>Betrieb der Webl\u00f6sung durch Dritte (Hosting)<\/h3>\n<p>Wir haben die Webland AG, Basel, mit Sitz in der Schweiz, mit der Bereitstellung und der technischen Betreuung unserer Plattform (Webserver-Betrieb, Hosting) beauftragt. Soweit hierbei Daten \u00fcbertragen, gespeichert und verarbeitet werden, geschieht dies nach den Weisungen des Plattform Betreibers und im Rahmen einer Auftragsverarbeitung nach DSG\/EU-DSGVO. Die f\u00fcr den Betrieb eingesetzten Server stehen in der Schweiz.<\/p>\n<h3>Auftragsverarbeiter<\/h3>\n<p>Das Vertragsverh\u00e4ltnis mit dem Auftragverarbeiter ist mittels schriftlicher Vertr\u00e4ge geregelt und die hier abgebildeten Datenschutzbestimmungen sind an diesen Auftragsverarbeiter \u00fcbertragen worden. Die Massnahmen zum Schutz Ihrer Daten durch die Webland AG werden von uns regelm\u00e4ssig kontrolliert. Eine Weitergabe dieser Daten an Dritte durch die Auftragsverarbeiterin ist vertraglich ausgeschlossen worden.<br \/>\nGesetzlich vorgeschriebener Datenschutzbeauftragter<\/p>\n<h3>Wir haben f\u00fcr unser Unternehmen einen Datenschutzbeauftragten bestellt:<\/h3>\n<p>F\u00fcr weitere Fragen kontaktieren Sie unseren Datenschutzverantwortlichen:<\/p>\n<p>WORKZ NEW MEDIA<br \/>\nFredy Holenstein<br \/>\nMusterplatzstrasse 15<br \/>\nCH-9436 Balgach<br \/>\nSwitzerland<\/p>\n<h3><script type=\"text\/javascript\">\/\/ <![CDATA[\nvar deinname = \"office\";\n\tvar deinedomain = \"workz.ch\";\n\tdocument.write('<a class=\"contactlink\" href=\"mailto:' + deinname + '@' + deinedomain + '\">');\n\tdocument.write(deinname + '@' + deinedomain + '');\n\tdocument.write('<\/a>');\n\/\/ ]]><\/script><\/h3>\n<p>+41 71 730 09 73<\/p>\n<h3>Datenerfassung auf unserer Website<\/h3>\n<p>Die Internetseiten verwenden teilweise so genannte Cookies. Cookies richten auf Ihrem Rechner keinen Schaden an und enthalten keine Viren. Cookies dienen dazu, unser Angebot nutzerfreundlicher, effektiver und sicherer zu machen. Cookies sind kleine Textdateien, die auf Ihrem Rechner abgelegt werden und die Ihr Browser speichert.<\/p>\n<p>Die meisten der von uns verwendeten Cookies sind so genannte \u201cSession-Cookies\u201d. Sie werden nach Ende Ihres Besuchs automatisch gel\u00f6scht. Andere Cookies bleiben auf Ihrem Endger\u00e4t gespeichert bis Sie diese l\u00f6schen. Diese Cookies erm\u00f6glichen es uns, Ihren Browser beim n\u00e4chsten Besuch wiederzuerkennen.<\/p>\n<p>Sie k\u00f6nnen Ihren Browser so einstellen, dass Sie \u00fcber das Setzen von Cookies informiert werden und Cookies nur im Einzelfall erlauben, die Annahme von Cookies f\u00fcr bestimmte F\u00e4lle oder generell ausschliessen sowie das automatische L\u00f6schen der Cookies beim Schliessen des Browser aktivieren. Bei der Deaktivierung von Cookies kann die Funktionalit\u00e4t dieser Website eingeschr\u00e4nkt sein.<\/p>\n<p>Cookies, die zur Durchf\u00fchrung des elektronischen Kommunikationsvorgangs oder zur Bereitstellung bestimmter, von Ihnen erw\u00fcnschter Funktionen (z.B. Warenkorbfunktion) erforderlich sind, werden auf Grundlage von Art. 6 Abs. 1 lit. f DSGVO gespeichert. Der Websitebetreiber hat ein berechtigtes Interesse an der Speicherung von Cookies zur technisch fehlerfreien und optimierten Bereitstellung seiner Dienste. Soweit andere Cookies (z.B. Cookies zur Analyse Ihres Surfverhaltens) gespeichert werden, werden diese in dieser Datenschutzerkl\u00e4rung gesondert behandelt.<\/p>\n<h3>Server-Log-Dateien<\/h3>\n<p>Der Provider der Seiten erhebt und speichert automatisch Informationen in so genannten Server-Log-Dateien, die Ihr Browser automatisch an uns \u00fcbermittelt. Dies sind:<\/p>\n<p>Browsertyp und Browserversion<br \/>\nverwendetes Betriebssystem<br \/>\nReferrer URL (=zuvor besuchte Seite)<br \/>\nHostname des zugreifenden Rechners<br \/>\nDatum und Uhrzeit der Serveranfrage<br \/>\nIP-Adresse<br \/>\nName der abgerufenen Seite\/Datei<br \/>\n\u00fcbertragene Datenmenge<\/p>\n<p>Der Anbieter verwendet die Protokolldaten nur f\u00fcr statistische Auswertungen zum Zweck des Betriebs, der Sicherheit und der Optimierung des Angebotes. Der Anbieterbeh\u00e4lt sich jedoch vor, die Protokolldaten nachtr\u00e4glich zu \u00fcberpr\u00fcfen, wenn aufgrund konkreter Anhaltspunkte der berechtigte Verdacht einer rechtswidrigen Nutzung besteht.<\/p>\n<p>Eine Zusammenf\u00fchrung dieser Daten mit anderen Datenquellen wird nicht vorgenommen.<\/p>\n<p>Grundlage f\u00fcr die Datenverarbeitung ist Art. 6 Abs. 1 lit. b DSGVO, der die Verarbeitung von Daten zur Erf\u00fcllung eines Vertrags oder vorvertraglicher Massnahmen gestattet.<\/p>\n<h3>Kontaktformular<\/h3>\n<p>Wenn Sie uns per Kontaktformular Anfragen zukommen lassen oder sich f\u00fcr einen Anlass anmelden, werden Ihre Angaben aus dem Formular inklusive der von Ihnen dort angegebenen Kontaktdaten zwecks Bearbeitung der Anfrage oder Anmeldung und f\u00fcr den Fall von Anschlussfragen bei uns gespeichert. Diese Daten geben wir nicht ohne Ihre Einwilligung weiter.<\/p>\n<p>Die Verarbeitung der in das Kontaktformular eingegebenen Daten erfolgt somit ausschliesslich auf Grundlage Ihrer Einwilligung (Art. 6 Abs. 1 lit. a DSGVO). Sie k\u00f6nnen diese Einwilligung jederzeit widerrufen. Dazu reicht eine formlose Mitteilung per E-Mail an uns. Die Rechtm\u00e4ssigkeit der bis zum Widerruf erfolgten Datenverarbeitungsvorg\u00e4nge bleibt vom Widerruf unber\u00fchrt.<\/p>\n<p>Die von Ihnen im Kontaktformular eingegebenen Daten verbleiben bei uns, bis Sie uns zur L\u00f6schung auffordern, Ihre Einwilligung zur Speicherung widerrufen oder der Zweck f\u00fcr die Datenspeicherung entf\u00e4llt (z.B. nach abgeschlossener Bearbeitung Ihrer Anfrage). Zwingende gesetzliche Bestimmungen \u2013 insbesondere Aufbewahrungsfristen \u2013 bleiben unber\u00fchrt.<\/p>\n<h3>Analyse Tools und Werbung<\/h3>\n<p><strong>Google Analytics<\/strong><\/p>\n<p>Diese Website nutzt KEINE Funktionen des Webanalysedienstes Google Analytics.<\/p>\n<p><strong>Plugins und Tools<\/strong><\/p>\n<p><strong>Web Fonts<\/strong><\/p>\n<p>Diese Seite nutzt zur einheitlichen Darstellung von Schriftarten so genannte Web Fonts, die von Google bereitgestellt werden. Beim Aufruf einer Seite l\u00e4dt Ihr Browser die ben\u00f6tigten Web Fonts in ihren Browsercache, um Texte und Schriftarten korrekt anzuzeigen.<\/p>\n<p>Zu diesem Zweck muss der von Ihnen verwendete Browser Verbindung zu den Servern von Google aufnehmen. Hierdurch erlangt Google Kenntnis dar\u00fcber, dass \u00fcber Ihre IP-Adresse unsere Website aufgerufen wurde. Die Nutzung von Google Web Fonts erfolgt im Interesse einer einheitlichen und ansprechenden Darstellung unserer Online-Angebote. Dies stellt ein berechtigtes Interesse im Sinne von Art. 6 Abs. 1 lit. f DSGVO dar.<\/p>\n<p>Wenn Ihr Browser Web Fonts nicht unterst\u00fctzt, wird eine Standardschrift von Ihrem Computer genutzt.<\/p>\n<p>Weitere Informationen zu Google Web Fonts finden Sie unter developers.google.com\/fonts\/faq und in der Datenschutzerkl\u00e4rung von Google: www.google.com\/policies\/privacy\/.<\/p>\n<p>Datenschutzerkl\u00e4rung f\u00fcr die Nutzung von AddThis<br \/>\nWir verwenden auch AddThis auf unserer Website. AddThis ist ein Bookmarking-Dienst, der Ihnen das Setzen von Bookmarks bzw. das gemeinsame Nutzen interessanter Website-Inhalten erm\u00f6glichen. Bei Verwendung von \u201eAddThis\u201c kommt es zum Einsatz von Cookies. Die dabei erzeugten Daten (wie z.B. Nutzungszeitpunkt oder Browser-Sprache) werden an die Add This LLC 1595 Spring Hill Rd Suite 300 Vienna, VA 22182 in den USA \u00fcbertragen und dort verarbeitet. N\u00e4here Informationen zu den Datenschutzvorkehrungen der Add This LLC finden Sie unter www.addthis.com\/privacy .Wir erhalten von AddThis insbesondere Angaben zur Art der verarbeiteten Daten sowie deren Verwendungszweck. Eine Verarbeitung der betroffenen Daten durch uns findet nicht statt. Durch die Nutzung des \u201eAddthis\u201c-Buttons erkl\u00e4ren Sie sich mit der Datenverarbeitung durch AddThis LLC einverstanden. Es besteht in diesem Rahmen die M\u00f6glichkeit der Datennutzung durch das Setzen eines \u201eOpt Out Cookies\u201c zu widersprechen. N\u00e4heres dazu ist auf www.addthis.com ersichtlich.<\/p>\n<p>MailChimp<br \/>\nDiese Website nutzt die Dienste von MailChimp f\u00fcr den Versand von Newslettern. Anbieter ist die Rocket Science Group LLC, 675 Ponce De Leon Ave NE, Suite 5000, Atlanta, GA 30308, USA.<br \/>\nMailChimp ist ein Dienst, mit dem u.a. der Versand von Newslettern organisiert und analysiert werden kann. Wenn Sie Daten zum Zwecke des Newsletterbezugs eingeben (z.B. E-Mail-Adresse), werden diese auf den Servern von MailChimp in den USA gespeichert.<br \/>\nMailChimp verf\u00fcgt \u00fcber eine Zertifizierung nach dem \u201cEU-US-Privacy-Shield\u201d. Der \u201cPrivacy-Shield\u201d ist ein \u00dcbereinkommen zwischen der Europ\u00e4ischen Union (EU) und den USA, das die Einhaltung europ\u00e4ischer Datenschutzstandards in den USA gew\u00e4hrleisten soll.<br \/>\nMit Hilfe von MailChimp k\u00f6nnen wir unsere Newsletterkampagnen analysieren. Wenn Sie eine mit MailChimp versandte E-Mail \u00f6ffnen, verbindet sich eine in der E-Mail enthaltene Datei (sog. web-beacon) mit den Servern von MailChimp in den USA. So kann festgestellt werden, ob eine Newsletter-Nachricht ge\u00f6ffnet und welche Links ggf. angeklickt wurden. Ausserdem werden technische Informationen erfasst (z.B. Zeitpunkt des Abrufs, IP-Adresse, Browsertyp und Betriebssystem). Diese Informationen k\u00f6nnen nicht dem jeweiligen Newsletter-Empf\u00e4nger zugeordnet werden. Sie dienen ausschliesslich der statistischen Analyse von Newsletterkampagnen. Die Ergebnisse dieser Analysen k\u00f6nnen genutzt werden, um k\u00fcnftige Newsletter besser an die Interessen der Empf\u00e4nger anzupassen.<br \/>\nWenn Sie keine Analyse durch MailChimp wollen, m\u00fcssen Sie den Newsletter abbestellen. Hierf\u00fcr stellen wir in jeder Newsletternachricht einen entsprechenden Link zur Verf\u00fcgung. Des Weiteren k\u00f6nnen Sie den Newsletter auch direkt auf der Website abbestellen.<br \/>\nDie Datenverarbeitung erfolgt auf Grundlage Ihrer Einwilligung (Art. 6 Abs. 1 lit. a DSGVO). Sie k\u00f6nnen diese Einwilligung jederzeit widerrufen, indem Sie den Newsletter abbestellen. Die Rechtm\u00e4ssigkeit der bereits erfolgten Datenverarbeitungsvorg\u00e4nge bleibt vom Widerruf unber\u00fchrt.<br \/>\nDie von Ihnen zum Zwecke des Newsletter-Bezugs bei uns hinterlegten Daten werden von uns bis zu Ihrer Austragung aus dem Newsletter gespeichert und nach der Abbestellung des Newsletters sowohl von unseren Servern als auch von den Servern von MailChimp gel\u00f6scht. Daten, die zu anderen Zwecken bei uns gespeichert wurden (z.B. E-Mail-Adressen f\u00fcr den Mitgliederbereich) bleiben hiervon unber\u00fchrt.<br \/>\nN\u00e4heres entnehmen Sie den Datenschutzbestimmungen von MailChimp unter: mailchimp.com\/legal\/terms\/.<br \/>\nAbschluss eines Data-Processing-Agreements<br \/>\nWir haben ein sog. \u201eData-Processing-Agreement\u201c mit MailChimp abgeschlossen, in dem wir MailChimp verpflichten, die Daten unserer Kunden zu sch\u00fctzen und sie nicht an Dritte weiterzugeben. Dieser Vertrag kann unter folgendem Link eingesehen werden: mailchimp.com\/legal\/forms\/data-processing-agreement\/sample-agreement\/.<\/p><\/div>\n<\/div>\n<p>Quellen: <a href=\"http:\/\/www.swissanwalt.ch\">www.swissanwalt.ch<\/a> | <a href=\"http:\/\/www.admin.ch\">admin.ch<\/a> |\u00a0<a href=\"www.wordpress.org\">wordpress.org<\/a> <\/p>\n<h3>Cookie Info<\/h3>\n<h2>Cookie Informationen: <\/h2>\n<span class=\"borlabs-cookie-open-dialog-preferences brlbs-cmpnt-container\" data-borlabs-cookie-title=\"Einstellungen \u00e4ndern\" data-borlabs-cookie-type=\"button\" ><\/span>\n<hr>\n<div class\"container\"><div class=\"brlbs-cmpnt-container brlbs-cmpnt-shortcode-element\" data-borlabs-cookie-service-list><\/div> <\/div>\n<p><\/p>\n","protected":false},"excerpt":{"rendered":"<p>WOMIT SIE ES ZU TUN HABEN. Diese Website wird betrieben von : WORKZ NEW MEDIA Fredy Holenstein Musterplatzstrasse 15 CH-9436 [&hellip;]<\/p>\n","protected":false},"author":2,"featured_media":3942,"parent":0,"menu_order":0,"comment_status":"closed","ping_status":"closed","template":"","meta":{"_acf_changed":false,"footnotes":""},"class_list":["post-3345","page","type-page","status-publish","has-post-thumbnail","hentry"],"acf":[],"_links":{"self":[{"href":"https:\/\/www.workz.ch\/chapter18\/wp-json\/wp\/v2\/pages\/3345","targetHints":{"allow":["GET"]}}],"collection":[{"href":"https:\/\/www.workz.ch\/chapter18\/wp-json\/wp\/v2\/pages"}],"about":[{"href":"https:\/\/www.workz.ch\/chapter18\/wp-json\/wp\/v2\/types\/page"}],"author":[{"embeddable":true,"href":"https:\/\/www.workz.ch\/chapter18\/wp-json\/wp\/v2\/users\/2"}],"replies":[{"embeddable":true,"href":"https:\/\/www.workz.ch\/chapter18\/wp-json\/wp\/v2\/comments?post=3345"}],"version-history":[{"count":21,"href":"https:\/\/www.workz.ch\/chapter18\/wp-json\/wp\/v2\/pages\/3345\/revisions"}],"predecessor-version":[{"id":4347,"href":"https:\/\/www.workz.ch\/chapter18\/wp-json\/wp\/v2\/pages\/3345\/revisions\/4347"}],"wp:featuredmedia":[{"embeddable":true,"href":"https:\/\/www.workz.ch\/chapter18\/wp-json\/wp\/v2\/media\/3942"}],"wp:attachment":[{"href":"https:\/\/www.workz.ch\/chapter18\/wp-json\/wp\/v2\/media?parent=3345"}],"curies":[{"name":"wp","href":"https:\/\/api.w.org\/{rel}","templated":true}]}}